{"id":32,"date":"2024-06-09T07:44:38","date_gmt":"2024-06-09T07:44:38","guid":{"rendered":"https:\/\/aluovi.fi\/?page_id=32"},"modified":"2025-02-17T13:35:19","modified_gmt":"2025-02-17T13:35:19","slug":"yhteystiedot","status":"publish","type":"page","link":"https:\/\/aluovi.fi\/?page_id=32","title":{"rendered":"Yhteystiedot"},"content":{"rendered":"\n<div class=\"wp-block-columns is-layout-flex wp-container-core-columns-is-layout-28f84493 wp-block-columns-is-layout-flex\">\n<div class=\"wp-block-column is-layout-flow wp-block-column-is-layout-flow\" style=\"flex-basis:50%\">\n<h2 class=\"wp-block-heading has-large-font-size\"><strong>Mikko Jaakkola              <\/strong><\/h2>\n\n\n\n<p>Toimitusjohtaja<\/p>\n\n\n\n<p>+358 401 958 330<\/p>\n\n\n\n<p>mikko.jaakkola@aluovi.fi<\/p>\n<\/div>\n\n\n\n<div class=\"wp-block-column is-layout-flow wp-block-column-is-layout-flow\" style=\"flex-basis:50%\">\n<h2 class=\"wp-block-heading has-large-font-size\"><strong>Toni Mikkonen              <\/strong><\/h2>\n\n\n\n<p>Projektip\u00e4\u00e4llikk\u00f6<\/p>\n\n\n\n<p>+358 453 437 250<\/p>\n\n\n\n<p>toni.mikkonen@aluovi.fi<\/p>\n<\/div>\n<\/div>\n\n\n\n<div class=\"wp-block-columns is-layout-flex wp-container-core-columns-is-layout-28f84493 wp-block-columns-is-layout-flex\">\n<div class=\"wp-block-column is-layout-flow wp-block-column-is-layout-flow\">\n<div class=\"wp-block-columns is-layout-flex wp-container-core-columns-is-layout-28f84493 wp-block-columns-is-layout-flex\">\n<div class=\"wp-block-column is-layout-flow wp-block-column-is-layout-flow\"><\/div>\n<\/div>\n\n\n\n<p class=\"has-text-align-center\">Aluovi Oy<\/p>\n\n\n\n<p class=\"has-text-align-center\">Papinpolku 15 <\/p>\n\n\n\n<p class=\"has-text-align-center\">31300 TAMMELA<\/p>\n<\/div>\n<\/div>\n","protected":false},"excerpt":{"rendered":"<p>Mikko Jaakkola Toimitusjohtaja +358 401 958 330 mikko.jaakkola@aluovi.fi Toni Mikkonen Projektip\u00e4\u00e4llikk\u00f6 +358 453 437 250 toni.mikkonen@aluovi.fi Aluovi Oy Papinpolku 15 31300 TAMMELA<\/p>\n","protected":false},"author":1,"featured_media":0,"parent":0,"menu_order":0,"comment_status":"closed","ping_status":"closed","template":"","meta":{"footnotes":""},"class_list":["post-32","page","type-page","status-publish","hentry"],"yoast_head":"<!-- This site is optimized with the Yoast SEO plugin v27.4 - https:\/\/yoast.com\/product\/yoast-seo-wordpress\/ -->\n<title>Yhteystiedot - Ovet ja ikkunat sek\u00e4 lasitukset<\/title>\n<meta name=\"robots\" content=\"index, follow, max-snippet:-1, max-image-preview:large, max-video-preview:-1\" \/>\n<link rel=\"canonical\" href=\"https:\/\/aluovi.fi\/?page_id=32\" \/>\n<meta property=\"og:locale\" content=\"fi_FI\" \/>\n<meta property=\"og:type\" content=\"article\" \/>\n<meta property=\"og:title\" content=\"Yhteystiedot - Ovet ja ikkunat sek\u00e4 lasitukset\" \/>\n<meta property=\"og:description\" content=\"Mikko Jaakkola Toimitusjohtaja +358 401 958 330 mikko.jaakkola@aluovi.fi Toni Mikkonen Projektip\u00e4\u00e4llikk\u00f6 +358 453 437 250 toni.mikkonen@aluovi.fi Aluovi Oy Papinpolku 15 31300 TAMMELA\" \/>\n<meta property=\"og:url\" content=\"https:\/\/aluovi.fi\/?page_id=32\" \/>\n<meta property=\"og:site_name\" content=\"Ovet ja ikkunat sek\u00e4 lasitukset\" \/>\n<meta property=\"article:modified_time\" content=\"2025-02-17T13:35:19+00:00\" \/>\n<meta property=\"og:image\" content=\"https:\/\/aluovi.fi\/wp-content\/uploads\/2024\/06\/Aluovi-Logo.png\" \/>\n\t<meta property=\"og:image:width\" content=\"500\" \/>\n\t<meta property=\"og:image:height\" content=\"500\" \/>\n\t<meta property=\"og:image:type\" content=\"image\/png\" \/>\n<meta name=\"twitter:card\" content=\"summary_large_image\" \/>\n<meta name=\"twitter:label1\" content=\"Arvioitu lukuaika\" \/>\n\t<meta name=\"twitter:data1\" content=\"1 minuutti\" \/>\n<script type=\"application\/ld+json\" class=\"yoast-schema-graph\">{\"@context\":\"https:\\\/\\\/schema.org\",\"@graph\":[{\"@type\":\"WebPage\",\"@id\":\"https:\\\/\\\/aluovi.fi\\\/?page_id=32\",\"url\":\"https:\\\/\\\/aluovi.fi\\\/?page_id=32\",\"name\":\"Yhteystiedot - Ovet ja ikkunat sek\u00e4 lasitukset\",\"isPartOf\":{\"@id\":\"https:\\\/\\\/aluovi.fi\\\/#website\"},\"datePublished\":\"2024-06-09T07:44:38+00:00\",\"dateModified\":\"2025-02-17T13:35:19+00:00\",\"breadcrumb\":{\"@id\":\"https:\\\/\\\/aluovi.fi\\\/?page_id=32#breadcrumb\"},\"inLanguage\":\"fi\",\"potentialAction\":[{\"@type\":\"ReadAction\",\"target\":[\"https:\\\/\\\/aluovi.fi\\\/?page_id=32\"]}]},{\"@type\":\"BreadcrumbList\",\"@id\":\"https:\\\/\\\/aluovi.fi\\\/?page_id=32#breadcrumb\",\"itemListElement\":[{\"@type\":\"ListItem\",\"position\":1,\"name\":\"Etusivu\",\"item\":\"https:\\\/\\\/aluovi.fi\\\/\"},{\"@type\":\"ListItem\",\"position\":2,\"name\":\"Yhteystiedot\"}]},{\"@type\":\"WebSite\",\"@id\":\"https:\\\/\\\/aluovi.fi\\\/#website\",\"url\":\"https:\\\/\\\/aluovi.fi\\\/\",\"name\":\"Alumiiniovet ja lasitukset\",\"description\":\"Alumiiniovet ja ikkunat\",\"publisher\":{\"@id\":\"https:\\\/\\\/aluovi.fi\\\/#organization\"},\"potentialAction\":[{\"@type\":\"SearchAction\",\"target\":{\"@type\":\"EntryPoint\",\"urlTemplate\":\"https:\\\/\\\/aluovi.fi\\\/?s={search_term_string}\"},\"query-input\":{\"@type\":\"PropertyValueSpecification\",\"valueRequired\":true,\"valueName\":\"search_term_string\"}}],\"inLanguage\":\"fi\"},{\"@type\":\"Organization\",\"@id\":\"https:\\\/\\\/aluovi.fi\\\/#organization\",\"name\":\"Aluovi Oy\",\"url\":\"https:\\\/\\\/aluovi.fi\\\/\",\"logo\":{\"@type\":\"ImageObject\",\"inLanguage\":\"fi\",\"@id\":\"https:\\\/\\\/aluovi.fi\\\/#\\\/schema\\\/logo\\\/image\\\/\",\"url\":\"https:\\\/\\\/aluovi.fi\\\/wp-content\\\/uploads\\\/2024\\\/06\\\/Aluovi-Logo.png\",\"contentUrl\":\"https:\\\/\\\/aluovi.fi\\\/wp-content\\\/uploads\\\/2024\\\/06\\\/Aluovi-Logo.png\",\"width\":500,\"height\":500,\"caption\":\"Aluovi Oy\"},\"image\":{\"@id\":\"https:\\\/\\\/aluovi.fi\\\/#\\\/schema\\\/logo\\\/image\\\/\"}}]}<\/script>\n<!-- \/ Yoast SEO plugin. -->","yoast_head_json":{"title":"Yhteystiedot - Ovet ja ikkunat sek\u00e4 lasitukset","robots":{"index":"index","follow":"follow","max-snippet":"max-snippet:-1","max-image-preview":"max-image-preview:large","max-video-preview":"max-video-preview:-1"},"canonical":"https:\/\/aluovi.fi\/?page_id=32","og_locale":"fi_FI","og_type":"article","og_title":"Yhteystiedot - Ovet ja ikkunat sek\u00e4 lasitukset","og_description":"Mikko Jaakkola Toimitusjohtaja +358 401 958 330 mikko.jaakkola@aluovi.fi Toni Mikkonen Projektip\u00e4\u00e4llikk\u00f6 +358 453 437 250 toni.mikkonen@aluovi.fi Aluovi Oy Papinpolku 15 31300 TAMMELA","og_url":"https:\/\/aluovi.fi\/?page_id=32","og_site_name":"Ovet ja ikkunat sek\u00e4 lasitukset","article_modified_time":"2025-02-17T13:35:19+00:00","og_image":[{"width":500,"height":500,"url":"https:\/\/aluovi.fi\/wp-content\/uploads\/2024\/06\/Aluovi-Logo.png","type":"image\/png"}],"twitter_card":"summary_large_image","twitter_misc":{"Arvioitu lukuaika":"1 minuutti"},"schema":{"@context":"https:\/\/schema.org","@graph":[{"@type":"WebPage","@id":"https:\/\/aluovi.fi\/?page_id=32","url":"https:\/\/aluovi.fi\/?page_id=32","name":"Yhteystiedot - Ovet ja ikkunat sek\u00e4 lasitukset","isPartOf":{"@id":"https:\/\/aluovi.fi\/#website"},"datePublished":"2024-06-09T07:44:38+00:00","dateModified":"2025-02-17T13:35:19+00:00","breadcrumb":{"@id":"https:\/\/aluovi.fi\/?page_id=32#breadcrumb"},"inLanguage":"fi","potentialAction":[{"@type":"ReadAction","target":["https:\/\/aluovi.fi\/?page_id=32"]}]},{"@type":"BreadcrumbList","@id":"https:\/\/aluovi.fi\/?page_id=32#breadcrumb","itemListElement":[{"@type":"ListItem","position":1,"name":"Etusivu","item":"https:\/\/aluovi.fi\/"},{"@type":"ListItem","position":2,"name":"Yhteystiedot"}]},{"@type":"WebSite","@id":"https:\/\/aluovi.fi\/#website","url":"https:\/\/aluovi.fi\/","name":"Alumiiniovet ja lasitukset","description":"Alumiiniovet ja ikkunat","publisher":{"@id":"https:\/\/aluovi.fi\/#organization"},"potentialAction":[{"@type":"SearchAction","target":{"@type":"EntryPoint","urlTemplate":"https:\/\/aluovi.fi\/?s={search_term_string}"},"query-input":{"@type":"PropertyValueSpecification","valueRequired":true,"valueName":"search_term_string"}}],"inLanguage":"fi"},{"@type":"Organization","@id":"https:\/\/aluovi.fi\/#organization","name":"Aluovi Oy","url":"https:\/\/aluovi.fi\/","logo":{"@type":"ImageObject","inLanguage":"fi","@id":"https:\/\/aluovi.fi\/#\/schema\/logo\/image\/","url":"https:\/\/aluovi.fi\/wp-content\/uploads\/2024\/06\/Aluovi-Logo.png","contentUrl":"https:\/\/aluovi.fi\/wp-content\/uploads\/2024\/06\/Aluovi-Logo.png","width":500,"height":500,"caption":"Aluovi Oy"},"image":{"@id":"https:\/\/aluovi.fi\/#\/schema\/logo\/image\/"}}]}},"jetpack_sharing_enabled":true,"_links":{"self":[{"href":"https:\/\/aluovi.fi\/index.php?rest_route=\/wp\/v2\/pages\/32","targetHints":{"allow":["GET"]}}],"collection":[{"href":"https:\/\/aluovi.fi\/index.php?rest_route=\/wp\/v2\/pages"}],"about":[{"href":"https:\/\/aluovi.fi\/index.php?rest_route=\/wp\/v2\/types\/page"}],"author":[{"embeddable":true,"href":"https:\/\/aluovi.fi\/index.php?rest_route=\/wp\/v2\/users\/1"}],"replies":[{"embeddable":true,"href":"https:\/\/aluovi.fi\/index.php?rest_route=%2Fwp%2Fv2%2Fcomments&post=32"}],"version-history":[{"count":12,"href":"https:\/\/aluovi.fi\/index.php?rest_route=\/wp\/v2\/pages\/32\/revisions"}],"predecessor-version":[{"id":76,"href":"https:\/\/aluovi.fi\/index.php?rest_route=\/wp\/v2\/pages\/32\/revisions\/76"}],"wp:attachment":[{"href":"https:\/\/aluovi.fi\/index.php?rest_route=%2Fwp%2Fv2%2Fmedia&parent=32"}],"curies":[{"name":"wp","href":"https:\/\/api.w.org\/{rel}","templated":true}]}}